{"id":23037,"date":"2020-04-19T15:28:57","date_gmt":"2020-04-19T12:28:57","guid":{"rendered":"https:\/\/www.cemobsan.com\/connector-solutions\/"},"modified":"2023-03-16T14:14:30","modified_gmt":"2023-03-16T11:14:30","slug":"connector-solutions","status":"publish","type":"page","link":"https:\/\/www.cemobsan.com\/en\/connector-solutions\/","title":{"rendered":"CONNECTOR SOLUTIONS"},"content":{"rendered":"<div class=\"wpb-content-wrapper\"><p>[vc_row][vc_column css=&#8221;.vc_custom_1586964712617{padding-top: 60px !important;}&#8221;]<div class=\"fancy_heading fancy_heading_line\"><div class=\"fh-top\"><\/div><h1 class=\"title \">CONNECTOR SOLUTIONS<\/h1><\/div>\n[\/vc_column][\/vc_row][vc_row][vc_column width=&#8221;1\/3&#8243; url=&#8221;url:%2Fen%2Fconnector-solutions%2Ftable-and-bed-connector-solutions%2F&#8221;]<div data-id=\"mpc_image-906a01d0e6317ad\" onclick=\"\" class=\"mpc-image mpc-init \" ><div class=\"mpc-item mpc-transition\"><img fetchpriority=\"high\" decoding=\"async\" class=\"mpc-transition \" src=\"https:\/\/www.cemobsan.com\/media\/2022\/12\/3-3-500x500.jpg\" width=\"500\" height=\"500\" alt=\"3\" title=\"3\" \/><\/div><\/div>[vc_column_text css=&#8221;.vc_custom_1678948719785{background-color: #ffffff !important;}&#8221;]<\/p>\n<h5>Talbe and Bed Connector Solutions<\/h5>\n<p><span style=\"color: black;\">Click here to see our solutions for table and bed connections.<\/span>[\/vc_column_text][\/vc_column][vc_column width=&#8221;1\/3&#8243; url=&#8221;url:%2Fen%2Fconnector-solutions%2Fconnecting-fittings-and-shelf-supports%2F&#8221;]<div data-id=\"mpc_image-826a01d0e631fac\" onclick=\"\" class=\"mpc-image mpc-init \" ><div class=\"mpc-item mpc-transition\"><img decoding=\"async\" class=\"mpc-transition \" src=\"https:\/\/www.cemobsan.com\/media\/2022\/12\/raf-birlestirme.jpg\" width=\"500\" height=\"500\" alt=\"Connecting Fittings and Shelf Supports\" title=\"Connecting Fittings and Shelf Supports\" \/><\/div><\/div>[vc_column_text]<\/p>\n<div class=\"elementor-element elementor-element-7d8c307 elementor-widget elementor-widget-heading\" data-id=\"7d8c307\" data-element_type=\"widget\" data-widget_type=\"heading.default\">\n<div class=\"elementor-widget-container\">\n<h5>Connecting Fittings and Shelf Supports<\/h5>\n<\/div>\n<\/div>\n<p><span style=\"color: black;\">Click here to see our solutions for panel and shelf connections.<\/span>[\/vc_column_text][\/vc_column][vc_column width=&#8221;1\/3&#8243; url=&#8221;url:%2Fen%2Fconnector-solutions%2Fkitchen-and-bathroom-legs%2F&#8221;]<div data-id=\"mpc_image-456a01d0e632770\" onclick=\"\" class=\"mpc-image mpc-init \" ><div class=\"mpc-item mpc-transition\"><img decoding=\"async\" class=\"mpc-transition \" src=\"https:\/\/www.cemobsan.com\/media\/2022\/12\/15454.jpg\" width=\"500\" height=\"500\" alt=\"15454\" title=\"15454\" \/><\/div><\/div>[vc_column_text]<\/p>\n<h5>Kitchen and Bathroom Legs<\/h5>\n<p><span style=\"color: black;\">Click here to see our kitchen and bathroom legs models and the solutions we offer.<\/span>[\/vc_column_text][\/vc_column][\/vc_row][vc_row][vc_column width=&#8221;1\/3&#8243; url=&#8221;url:%2Fen%2Fconnector-solutions%2Fliving-space-legs%2F&#8221;]<div data-id=\"mpc_image-156a01d0e632eed\" onclick=\"\" class=\"mpc-image mpc-init \" ><div class=\"mpc-item mpc-transition\"><img loading=\"lazy\" decoding=\"async\" class=\"mpc-transition \" src=\"https:\/\/www.cemobsan.com\/media\/2022\/12\/mutfak-ayakalari.jpg\" width=\"500\" height=\"500\" alt=\"Kitchen and Bathroom Legs\" title=\"Kitchen and Bathroom Legs\" \/><\/div><\/div>[vc_column_text]<\/p>\n<h5>Living Space Legs<\/h5>\n<p><span style=\"color: black;\">Click here to see our living area legs models and the solutions we offer.<\/span>[\/vc_column_text][\/vc_column][vc_column width=&#8221;1\/3&#8243; url=&#8221;url:%2Fen%2Fconnector-solutions%2Foffice-solutions%2F&#8221;]<div data-id=\"mpc_image-176a01d0e6336b4\" onclick=\"\" class=\"mpc-image mpc-init \" ><div class=\"mpc-item mpc-transition\"><img loading=\"lazy\" decoding=\"async\" class=\"mpc-transition \" src=\"https:\/\/www.cemobsan.com\/media\/2022\/12\/oficce-cozumleri.jpg\" width=\"500\" height=\"500\" alt=\"Office Solutions\" title=\"Office Solutions\" \/><\/div><\/div>[vc_column_text]<\/p>\n<div class=\"elementor-element elementor-element-7d8c307 elementor-widget elementor-widget-heading\" data-id=\"7d8c307\" data-element_type=\"widget\" data-widget_type=\"heading.default\">\n<div class=\"elementor-widget-container\">\n<h5>Office Solutions<\/h5>\n<\/div>\n<\/div>\n<p><span style=\"color: black;\">Click here to examine our solutions for office areas.<\/span>[\/vc_column_text][\/vc_column][vc_column width=&#8221;1\/3&#8243; url=&#8221;url:%2Fen%2Fconnector-solutions%2Ffunctional-solutions%2F&#8221;]<div data-id=\"mpc_image-156a01d0e633e1c\" onclick=\"\" class=\"mpc-image mpc-init \" ><div class=\"mpc-item mpc-transition\"><img loading=\"lazy\" decoding=\"async\" class=\"mpc-transition \" src=\"https:\/\/www.cemobsan.com\/media\/2022\/12\/fonksiyonel-cozumelr.jpg\" width=\"500\" height=\"500\" alt=\"Functional Solutions\" title=\"Functional Solutions\" \/><\/div><\/div>[vc_column_text]<\/p>\n<h5>Functional Solutions<\/h5>\n<p><span style=\"color: black;\">Click here to examine the systems we offer for functional areas.<\/span>[\/vc_column_text][\/vc_column][vc_column][vc_separator color=&#8221;white&#8221;][\/vc_column][\/vc_row]<\/p>\n<\/div>","protected":false},"excerpt":{"rendered":"<p>[vc_row][vc_column css=&#8221;.vc_custom_1586964712617{padding-top: 60px !important;}&#8221;][\/vc_column][\/vc_row][vc_row][vc_column width=&#8221;1\/3&#8243; url=&#8221;url:%2Fen%2Fconnector-solutions%2Ftable-and-bed-connector-solutions%2F&#8221;][vc_column_text css=&#8221;.vc_custom_1678948719785{background-color: #ffffff !important;}&#8221;] Talbe and Bed Connector Solutions Click here to see our solutions for table and bed connections.[\/vc_column_text][\/vc_column][vc_column width=&#8221;1\/3&#8243;<\/p>\n","protected":false},"author":1,"featured_media":23056,"parent":0,"menu_order":0,"comment_status":"closed","ping_status":"closed","template":"","meta":{"footnotes":""},"class_list":["post-23037","page","type-page","status-publish","has-post-thumbnail","hentry"],"yoast_head":"<!-- This site is optimized with the Yoast SEO plugin v26.5 - https:\/\/yoast.com\/wordpress\/plugins\/seo\/ -->\n<title>Connecting Fittings - Adding Value to Where You Live<\/title>\n<meta name=\"description\" content=\"Take a look our connecting fittings for more detail. &quot;Space Saving Solutions&quot; Cemobsan\" \/>\n<meta name=\"robots\" content=\"index, follow, max-snippet:-1, max-image-preview:large, max-video-preview:-1\" \/>\n<link rel=\"canonical\" href=\"https:\/\/www.cemobsan.com\/en\/connector-solutions\/\" \/>\n<meta property=\"og:locale\" content=\"en_US\" \/>\n<meta property=\"og:type\" content=\"article\" \/>\n<meta property=\"og:title\" content=\"Connecting Fittings - Adding Value to Where You Live\" \/>\n<meta property=\"og:description\" content=\"Take a look our connecting fittings for more detail. &quot;Space Saving Solutions&quot; Cemobsan\" \/>\n<meta property=\"og:url\" content=\"https:\/\/www.cemobsan.com\/en\/connector-solutions\/\" \/>\n<meta property=\"og:site_name\" content=\"\u00c7emobsan Janus\" \/>\n<meta property=\"article:modified_time\" content=\"2023-03-16T11:14:30+00:00\" \/>\n<meta property=\"og:image\" content=\"https:\/\/www.cemobsan.com\/media\/Baglanti-ekpmanlari-2.jpg\" \/>\n\t<meta property=\"og:image:width\" content=\"500\" \/>\n\t<meta property=\"og:image:height\" content=\"500\" \/>\n\t<meta property=\"og:image:type\" content=\"image\/jpeg\" \/>\n<meta name=\"twitter:card\" content=\"summary_large_image\" \/>\n<meta name=\"twitter:label1\" content=\"Est. reading time\" \/>\n\t<meta name=\"twitter:data1\" content=\"3 minutes\" \/>\n<script type=\"application\/ld+json\" class=\"yoast-schema-graph\">{\"@context\":\"https:\/\/schema.org\",\"@graph\":[{\"@type\":\"WebPage\",\"@id\":\"https:\/\/www.cemobsan.com\/en\/connector-solutions\/\",\"url\":\"https:\/\/www.cemobsan.com\/en\/connector-solutions\/\",\"name\":\"Connecting Fittings - Adding Value to Where You Live\",\"isPartOf\":{\"@id\":\"https:\/\/www.cemobsan.com\/en\/#website\"},\"primaryImageOfPage\":{\"@id\":\"https:\/\/www.cemobsan.com\/en\/connector-solutions\/#primaryimage\"},\"image\":{\"@id\":\"https:\/\/www.cemobsan.com\/en\/connector-solutions\/#primaryimage\"},\"thumbnailUrl\":\"https:\/\/www.cemobsan.com\/media\/Baglanti-ekpmanlari-2.jpg\",\"datePublished\":\"2020-04-19T12:28:57+00:00\",\"dateModified\":\"2023-03-16T11:14:30+00:00\",\"description\":\"Take a look our connecting fittings for more detail. \\\"Space Saving Solutions\\\" Cemobsan\",\"breadcrumb\":{\"@id\":\"https:\/\/www.cemobsan.com\/en\/connector-solutions\/#breadcrumb\"},\"inLanguage\":\"en-US\",\"potentialAction\":[{\"@type\":\"ReadAction\",\"target\":[\"https:\/\/www.cemobsan.com\/en\/connector-solutions\/\"]}]},{\"@type\":\"ImageObject\",\"inLanguage\":\"en-US\",\"@id\":\"https:\/\/www.cemobsan.com\/en\/connector-solutions\/#primaryimage\",\"url\":\"https:\/\/www.cemobsan.com\/media\/Baglanti-ekpmanlari-2.jpg\",\"contentUrl\":\"https:\/\/www.cemobsan.com\/media\/Baglanti-ekpmanlari-2.jpg\",\"width\":500,\"height\":500},{\"@type\":\"BreadcrumbList\",\"@id\":\"https:\/\/www.cemobsan.com\/en\/connector-solutions\/#breadcrumb\",\"itemListElement\":[{\"@type\":\"ListItem\",\"position\":1,\"name\":\"Ana sayfa\",\"item\":\"https:\/\/www.cemobsan.com\/en\/\"},{\"@type\":\"ListItem\",\"position\":2,\"name\":\"CONNECTOR SOLUTIONS\"}]},{\"@type\":\"WebSite\",\"@id\":\"https:\/\/www.cemobsan.com\/en\/#website\",\"url\":\"https:\/\/www.cemobsan.com\/en\/\",\"name\":\"\u00c7emobsan Janus\",\"description\":\"\u00c7emobsan Metal ve Plastik Tic. A.\u015e.\",\"publisher\":{\"@id\":\"https:\/\/www.cemobsan.com\/en\/#organization\"},\"potentialAction\":[{\"@type\":\"SearchAction\",\"target\":{\"@type\":\"EntryPoint\",\"urlTemplate\":\"https:\/\/www.cemobsan.com\/en\/?s={search_term_string}\"},\"query-input\":{\"@type\":\"PropertyValueSpecification\",\"valueRequired\":true,\"valueName\":\"search_term_string\"}}],\"inLanguage\":\"en-US\"},{\"@type\":\"Organization\",\"@id\":\"https:\/\/www.cemobsan.com\/en\/#organization\",\"name\":\"\u00c7emobsan Metal ve Plastik\",\"url\":\"https:\/\/www.cemobsan.com\/en\/\",\"logo\":{\"@type\":\"ImageObject\",\"inLanguage\":\"en-US\",\"@id\":\"https:\/\/www.cemobsan.com\/en\/#\/schema\/logo\/image\/\",\"url\":\"https:\/\/www.cemobsan.com\/media\/logo-1-retira.png\",\"contentUrl\":\"https:\/\/www.cemobsan.com\/media\/logo-1-retira.png\",\"width\":596,\"height\":192,\"caption\":\"\u00c7emobsan Metal ve Plastik\"},\"image\":{\"@id\":\"https:\/\/www.cemobsan.com\/en\/#\/schema\/logo\/image\/\"}}]}<\/script>\n<!-- \/ Yoast SEO plugin. -->","yoast_head_json":{"title":"Connecting Fittings - Adding Value to Where You Live","description":"Take a look our connecting fittings for more detail. \"Space Saving Solutions\" Cemobsan","robots":{"index":"index","follow":"follow","max-snippet":"max-snippet:-1","max-image-preview":"max-image-preview:large","max-video-preview":"max-video-preview:-1"},"canonical":"https:\/\/www.cemobsan.com\/en\/connector-solutions\/","og_locale":"en_US","og_type":"article","og_title":"Connecting Fittings - Adding Value to Where You Live","og_description":"Take a look our connecting fittings for more detail. \"Space Saving Solutions\" Cemobsan","og_url":"https:\/\/www.cemobsan.com\/en\/connector-solutions\/","og_site_name":"\u00c7emobsan Janus","article_modified_time":"2023-03-16T11:14:30+00:00","og_image":[{"width":500,"height":500,"url":"https:\/\/www.cemobsan.com\/media\/Baglanti-ekpmanlari-2.jpg","type":"image\/jpeg"}],"twitter_card":"summary_large_image","twitter_misc":{"Est. reading time":"3 minutes"},"schema":{"@context":"https:\/\/schema.org","@graph":[{"@type":"WebPage","@id":"https:\/\/www.cemobsan.com\/en\/connector-solutions\/","url":"https:\/\/www.cemobsan.com\/en\/connector-solutions\/","name":"Connecting Fittings - Adding Value to Where You Live","isPartOf":{"@id":"https:\/\/www.cemobsan.com\/en\/#website"},"primaryImageOfPage":{"@id":"https:\/\/www.cemobsan.com\/en\/connector-solutions\/#primaryimage"},"image":{"@id":"https:\/\/www.cemobsan.com\/en\/connector-solutions\/#primaryimage"},"thumbnailUrl":"https:\/\/www.cemobsan.com\/media\/Baglanti-ekpmanlari-2.jpg","datePublished":"2020-04-19T12:28:57+00:00","dateModified":"2023-03-16T11:14:30+00:00","description":"Take a look our connecting fittings for more detail. \"Space Saving Solutions\" Cemobsan","breadcrumb":{"@id":"https:\/\/www.cemobsan.com\/en\/connector-solutions\/#breadcrumb"},"inLanguage":"en-US","potentialAction":[{"@type":"ReadAction","target":["https:\/\/www.cemobsan.com\/en\/connector-solutions\/"]}]},{"@type":"ImageObject","inLanguage":"en-US","@id":"https:\/\/www.cemobsan.com\/en\/connector-solutions\/#primaryimage","url":"https:\/\/www.cemobsan.com\/media\/Baglanti-ekpmanlari-2.jpg","contentUrl":"https:\/\/www.cemobsan.com\/media\/Baglanti-ekpmanlari-2.jpg","width":500,"height":500},{"@type":"BreadcrumbList","@id":"https:\/\/www.cemobsan.com\/en\/connector-solutions\/#breadcrumb","itemListElement":[{"@type":"ListItem","position":1,"name":"Ana sayfa","item":"https:\/\/www.cemobsan.com\/en\/"},{"@type":"ListItem","position":2,"name":"CONNECTOR SOLUTIONS"}]},{"@type":"WebSite","@id":"https:\/\/www.cemobsan.com\/en\/#website","url":"https:\/\/www.cemobsan.com\/en\/","name":"\u00c7emobsan Janus","description":"\u00c7emobsan Metal ve Plastik Tic. A.\u015e.","publisher":{"@id":"https:\/\/www.cemobsan.com\/en\/#organization"},"potentialAction":[{"@type":"SearchAction","target":{"@type":"EntryPoint","urlTemplate":"https:\/\/www.cemobsan.com\/en\/?s={search_term_string}"},"query-input":{"@type":"PropertyValueSpecification","valueRequired":true,"valueName":"search_term_string"}}],"inLanguage":"en-US"},{"@type":"Organization","@id":"https:\/\/www.cemobsan.com\/en\/#organization","name":"\u00c7emobsan Metal ve Plastik","url":"https:\/\/www.cemobsan.com\/en\/","logo":{"@type":"ImageObject","inLanguage":"en-US","@id":"https:\/\/www.cemobsan.com\/en\/#\/schema\/logo\/image\/","url":"https:\/\/www.cemobsan.com\/media\/logo-1-retira.png","contentUrl":"https:\/\/www.cemobsan.com\/media\/logo-1-retira.png","width":596,"height":192,"caption":"\u00c7emobsan Metal ve Plastik"},"image":{"@id":"https:\/\/www.cemobsan.com\/en\/#\/schema\/logo\/image\/"}}]}},"_links":{"self":[{"href":"https:\/\/www.cemobsan.com\/en\/wp-json\/wp\/v2\/pages\/23037","targetHints":{"allow":["GET"]}}],"collection":[{"href":"https:\/\/www.cemobsan.com\/en\/wp-json\/wp\/v2\/pages"}],"about":[{"href":"https:\/\/www.cemobsan.com\/en\/wp-json\/wp\/v2\/types\/page"}],"author":[{"embeddable":true,"href":"https:\/\/www.cemobsan.com\/en\/wp-json\/wp\/v2\/users\/1"}],"replies":[{"embeddable":true,"href":"https:\/\/www.cemobsan.com\/en\/wp-json\/wp\/v2\/comments?post=23037"}],"version-history":[{"count":5,"href":"https:\/\/www.cemobsan.com\/en\/wp-json\/wp\/v2\/pages\/23037\/revisions"}],"predecessor-version":[{"id":38227,"href":"https:\/\/www.cemobsan.com\/en\/wp-json\/wp\/v2\/pages\/23037\/revisions\/38227"}],"wp:featuredmedia":[{"embeddable":true,"href":"https:\/\/www.cemobsan.com\/en\/wp-json\/wp\/v2\/media\/23056"}],"wp:attachment":[{"href":"https:\/\/www.cemobsan.com\/en\/wp-json\/wp\/v2\/media?parent=23037"}],"curies":[{"name":"wp","href":"https:\/\/api.w.org\/{rel}","templated":true}]}}