{"id":32127,"date":"2023-01-10T14:48:43","date_gmt":"2023-01-10T11:48:43","guid":{"rendered":"https:\/\/www.cemobsan.com\/about-us\/"},"modified":"2023-03-16T11:13:31","modified_gmt":"2023-03-16T08:13:31","slug":"about-us","status":"publish","type":"page","link":"https:\/\/www.cemobsan.com\/en\/about-us\/","title":{"rendered":"ABOUT US"},"content":{"rendered":"\t\t<div data-elementor-type=\"wp-page\" data-elementor-id=\"32127\" class=\"elementor elementor-32127 elementor-16869\">\n\t\t\t\t\t\t<section class=\"elementor-section elementor-top-section elementor-element elementor-element-5fdd4c7 elementor-section-boxed elementor-section-height-default elementor-section-height-default\" data-id=\"5fdd4c7\" data-element_type=\"section\">\n\t\t\t\t\t\t<div class=\"elementor-container elementor-column-gap-default\">\n\t\t\t\t\t<div class=\"elementor-column elementor-col-100 elementor-top-column elementor-element elementor-element-25007f2\" data-id=\"25007f2\" data-element_type=\"column\">\n\t\t\t<div class=\"elementor-widget-wrap elementor-element-populated\">\n\t\t\t\t\t\t<div class=\"elementor-element elementor-element-851d14f elementor-widget elementor-widget-spacer\" data-id=\"851d14f\" data-element_type=\"widget\" data-widget_type=\"spacer.default\">\n\t\t\t\t<div class=\"elementor-widget-container\">\n\t\t\t\t\t\t\t<div class=\"elementor-spacer\">\n\t\t\t<div class=\"elementor-spacer-inner\"><\/div>\n\t\t<\/div>\n\t\t\t\t\t\t<\/div>\n\t\t\t\t<\/div>\n\t\t\t\t\t<\/div>\n\t\t<\/div>\n\t\t\t\t\t<\/div>\n\t\t<\/section>\n\t\t\t\t<section class=\"elementor-section elementor-top-section elementor-element elementor-element-9a29482 elementor-section-boxed elementor-section-height-default elementor-section-height-default\" data-id=\"9a29482\" data-element_type=\"section\">\n\t\t\t\t\t\t<div class=\"elementor-container elementor-column-gap-default\">\n\t\t\t\t\t<div class=\"elementor-column elementor-col-100 elementor-top-column elementor-element elementor-element-dc349c4\" data-id=\"dc349c4\" data-element_type=\"column\">\n\t\t\t<div class=\"elementor-widget-wrap elementor-element-populated\">\n\t\t\t\t\t\t<div class=\"elementor-element elementor-element-ae1c460 elementor-widget elementor-widget-spacer\" data-id=\"ae1c460\" data-element_type=\"widget\" data-widget_type=\"spacer.default\">\n\t\t\t\t<div class=\"elementor-widget-container\">\n\t\t\t\t\t\t\t<div class=\"elementor-spacer\">\n\t\t\t<div class=\"elementor-spacer-inner\"><\/div>\n\t\t<\/div>\n\t\t\t\t\t\t<\/div>\n\t\t\t\t<\/div>\n\t\t\t\t\t<\/div>\n\t\t<\/div>\n\t\t\t\t\t<\/div>\n\t\t<\/section>\n\t\t\t\t<section class=\"elementor-section elementor-top-section elementor-element elementor-element-01985cf elementor-section-stretched elementor-section-boxed elementor-section-height-default elementor-section-height-default\" data-id=\"01985cf\" data-element_type=\"section\" data-settings=\"{&quot;stretch_section&quot;:&quot;section-stretched&quot;}\">\n\t\t\t\t\t\t<div class=\"elementor-container elementor-column-gap-default\">\n\t\t\t\t\t<div class=\"elementor-column elementor-col-50 elementor-top-column elementor-element elementor-element-7bbf723\" data-id=\"7bbf723\" data-element_type=\"column\">\n\t\t\t<div class=\"elementor-widget-wrap elementor-element-populated\">\n\t\t\t\t\t\t<div class=\"elementor-element elementor-element-c222be9 elementor-widget elementor-widget-image\" data-id=\"c222be9\" data-element_type=\"widget\" data-widget_type=\"image.default\">\n\t\t\t\t<div class=\"elementor-widget-container\">\n\t\t\t\t\t\t\t\t\t\t\t\t\t\t\t<img fetchpriority=\"high\" decoding=\"async\" width=\"500\" height=\"500\" src=\"https:\/\/www.cemobsan.com\/media\/2022\/12\/3-2.jpg\" class=\"attachment-large size-large wp-image-32128\" alt=\"\" srcset=\"https:\/\/www.cemobsan.com\/media\/2022\/12\/3-2.jpg 500w, https:\/\/www.cemobsan.com\/media\/2022\/12\/3-2-300x300.jpg 300w, https:\/\/www.cemobsan.com\/media\/2022\/12\/3-2-150x150.jpg 150w, https:\/\/www.cemobsan.com\/media\/2022\/12\/3-2-146x146.jpg 146w, https:\/\/www.cemobsan.com\/media\/2022\/12\/3-2-50x50.jpg 50w, https:\/\/www.cemobsan.com\/media\/2022\/12\/3-2-75x75.jpg 75w, https:\/\/www.cemobsan.com\/media\/2022\/12\/3-2-85x85.jpg 85w, https:\/\/www.cemobsan.com\/media\/2022\/12\/3-2-80x80.jpg 80w\" sizes=\"(max-width:767px) 480px, 500px\" \/>\t\t\t\t\t\t\t\t\t\t\t\t\t\t\t<\/div>\n\t\t\t\t<\/div>\n\t\t\t\t\t<\/div>\n\t\t<\/div>\n\t\t\t\t<div class=\"elementor-column elementor-col-50 elementor-top-column elementor-element elementor-element-6240767\" data-id=\"6240767\" data-element_type=\"column\">\n\t\t\t<div class=\"elementor-widget-wrap elementor-element-populated\">\n\t\t\t\t\t\t<div class=\"elementor-element elementor-element-9735e00 elementor-widget elementor-widget-text-editor\" data-id=\"9735e00\" data-element_type=\"widget\" data-widget_type=\"text-editor.default\">\n\t\t\t\t<div class=\"elementor-widget-container\">\n\t\t\t\t\t\t\t\t\t<span style=\"letter-spacing: 0px; font-size: 36px;\"><span style=\"color: #424242;\">ABOUT \u00c7EMOBSAN<\/span><\/span>\n<p class=\"big\">\u00c7emobsan, \u00f6zel g\u00fcvenlik, temizlik, lojistik ve personel ta\u015f\u0131mac\u0131l\u0131\u011f\u0131 hizmetleri ve kozmetik alanlar\u0131nda faaliyet g\u00f6steren \u00f6nc\u00fc kurulu\u015flardan biri olan \u00c7etin Grup\u2019un bir i\u015ftirakidir.<\/p>\n<p class=\"big\">\u015eirketimiz, 2017 y\u0131l\u0131nda s\u00fcrg\u00fc sistemleri, ba\u011flant\u0131 elemanlar\u0131 ve mobilya aksesuarlar\u0131 \u00fcretimine ba\u015flam\u0131\u015ft\u0131r. Kurulu\u015fumuzdan itibaren, yenilik\u00e7i ve kaliteli \u00fcretim yapma bilinci sayesinde, hem sekt\u00f6rde k\u00fcresel bir oyuncu olma\nhem de \u00fclke ekonomisine katk\u0131m\u0131z\u0131 artt\u0131rma hedefiyle \u00e7al\u0131\u015fmalar\u0131m\u0131z\u0131 s\u00fcrd\u00fcrmekteyiz<\/p>\t\t\t\t\t\t\t\t<\/div>\n\t\t\t\t<\/div>\n\t\t\t\t\t<\/div>\n\t\t<\/div>\n\t\t\t\t\t<\/div>\n\t\t<\/section>\n\t\t\t\t<section class=\"elementor-section elementor-top-section elementor-element elementor-element-b6e4683 elementor-section-boxed elementor-section-height-default elementor-section-height-default\" data-id=\"b6e4683\" data-element_type=\"section\">\n\t\t\t\t\t\t<div class=\"elementor-container elementor-column-gap-default\">\n\t\t\t\t\t<div class=\"elementor-column elementor-col-100 elementor-top-column elementor-element elementor-element-efc1103\" data-id=\"efc1103\" data-element_type=\"column\">\n\t\t\t<div class=\"elementor-widget-wrap elementor-element-populated\">\n\t\t\t\t\t\t<div class=\"elementor-element elementor-element-10a0cae elementor-widget elementor-widget-spacer\" data-id=\"10a0cae\" data-element_type=\"widget\" data-widget_type=\"spacer.default\">\n\t\t\t\t<div class=\"elementor-widget-container\">\n\t\t\t\t\t\t\t<div class=\"elementor-spacer\">\n\t\t\t<div class=\"elementor-spacer-inner\"><\/div>\n\t\t<\/div>\n\t\t\t\t\t\t<\/div>\n\t\t\t\t<\/div>\n\t\t\t\t\t<\/div>\n\t\t<\/div>\n\t\t\t\t\t<\/div>\n\t\t<\/section>\n\t\t\t\t<section class=\"elementor-section elementor-top-section elementor-element elementor-element-8aec174 elementor-section-stretched elementor-section-boxed elementor-section-height-default elementor-section-height-default\" data-id=\"8aec174\" data-element_type=\"section\" data-settings=\"{&quot;stretch_section&quot;:&quot;section-stretched&quot;}\">\n\t\t\t\t\t\t<div class=\"elementor-container elementor-column-gap-default\">\n\t\t\t\t\t<div class=\"elementor-column elementor-col-50 elementor-top-column elementor-element elementor-element-a128ea4\" data-id=\"a128ea4\" data-element_type=\"column\">\n\t\t\t<div class=\"elementor-widget-wrap elementor-element-populated\">\n\t\t\t\t\t\t<div class=\"elementor-element elementor-element-2800781 elementor-widget elementor-widget-text-editor\" data-id=\"2800781\" data-element_type=\"widget\" data-widget_type=\"text-editor.default\">\n\t\t\t\t<div class=\"elementor-widget-container\">\n\t\t\t\t\t\t\t\t\t<p><span style=\"letter-spacing: 0px; font-size: 36px;\"><span style=\"color: #424242;\">Why <b>JANUS ?<\/b><\/span><\/span><\/p><p><span style=\"font-size: 16px; letter-spacing: 0px;\">Rapidly renewing &amp; evolving living spaces based on urban lifestyle dynamics ensures an effective space management, an indispensable approach.<\/span><\/p><p><span style=\"font-size: 16px;\">Janus aims to open a new area in the furniture accessories industry with its innovative motion technologies and architectural solutions that add value to living spaces.<\/span><\/p><p><span style=\"font-size: 16px;\">Adopting the vision of &#8220;<strong>Space Saving Solutions<\/strong>&#8221; Janus was born to be your long-term solution partnet with its innovative products for living spaces.<\/span><\/p>\t\t\t\t\t\t\t\t<\/div>\n\t\t\t\t<\/div>\n\t\t\t\t\t<\/div>\n\t\t<\/div>\n\t\t\t\t<div class=\"elementor-column elementor-col-50 elementor-top-column elementor-element elementor-element-d38e0d1\" data-id=\"d38e0d1\" data-element_type=\"column\">\n\t\t\t<div class=\"elementor-widget-wrap elementor-element-populated\">\n\t\t\t\t\t\t<div class=\"elementor-element elementor-element-ca5cdb8 elementor-widget elementor-widget-image\" data-id=\"ca5cdb8\" data-element_type=\"widget\" data-widget_type=\"image.default\">\n\t\t\t\t<div class=\"elementor-widget-container\">\n\t\t\t\t\t\t\t\t\t\t\t\t\t\t\t<img decoding=\"async\" width=\"1024\" height=\"1024\" src=\"https:\/\/www.cemobsan.com\/media\/2022\/12\/9696-1-1024x1024.jpg\" class=\"attachment-large size-large wp-image-21911\" alt=\"\" srcset=\"https:\/\/www.cemobsan.com\/media\/2022\/12\/9696-1.jpg 1024w, https:\/\/www.cemobsan.com\/media\/2022\/12\/9696-1-300x300.jpg 300w, https:\/\/www.cemobsan.com\/media\/2022\/12\/9696-1-150x150.jpg 150w, https:\/\/www.cemobsan.com\/media\/2022\/12\/9696-1-768x768.jpg 768w, https:\/\/www.cemobsan.com\/media\/2022\/12\/9696-1-146x146.jpg 146w, https:\/\/www.cemobsan.com\/media\/2022\/12\/9696-1-50x50.jpg 50w, https:\/\/www.cemobsan.com\/media\/2022\/12\/9696-1-75x75.jpg 75w, https:\/\/www.cemobsan.com\/media\/2022\/12\/9696-1-85x85.jpg 85w, https:\/\/www.cemobsan.com\/media\/2022\/12\/9696-1-80x80.jpg 80w\" sizes=\"(max-width:767px) 480px, (max-width:1024px) 100vw, 1024px\" \/>\t\t\t\t\t\t\t\t\t\t\t\t\t\t\t<\/div>\n\t\t\t\t<\/div>\n\t\t\t\t\t<\/div>\n\t\t<\/div>\n\t\t\t\t\t<\/div>\n\t\t<\/section>\n\t\t\t\t<\/div>\n\t\t","protected":false},"excerpt":{"rendered":"<p>ABOUT \u00c7EMOBSAN \u00c7emobsan, \u00f6zel g\u00fcvenlik, temizlik, lojistik ve personel ta\u015f\u0131mac\u0131l\u0131\u011f\u0131 hizmetleri ve kozmetik alanlar\u0131nda faaliyet g\u00f6steren \u00f6nc\u00fc kurulu\u015flardan biri olan \u00c7etin Grup\u2019un bir i\u015ftirakidir. \u015eirketimiz, 2017<\/p>\n","protected":false},"author":2,"featured_media":0,"parent":0,"menu_order":0,"comment_status":"closed","ping_status":"closed","template":"","meta":{"footnotes":""},"class_list":["post-32127","page","type-page","status-publish","hentry"],"yoast_head":"<!-- This site is optimized with the Yoast SEO plugin v26.5 - https:\/\/yoast.com\/wordpress\/plugins\/seo\/ -->\n<title>ABOUT US | \u00c7emobsan Janus<\/title>\n<meta name=\"robots\" content=\"index, follow, max-snippet:-1, max-image-preview:large, max-video-preview:-1\" \/>\n<link rel=\"canonical\" href=\"https:\/\/www.cemobsan.com\/en\/about-us\/\" \/>\n<meta property=\"og:locale\" content=\"en_US\" \/>\n<meta property=\"og:type\" content=\"article\" \/>\n<meta property=\"og:title\" content=\"ABOUT US | \u00c7emobsan Janus\" \/>\n<meta property=\"og:description\" content=\"ABOUT \u00c7EMOBSAN \u00c7emobsan, \u00f6zel g\u00fcvenlik, temizlik, lojistik ve personel ta\u015f\u0131mac\u0131l\u0131\u011f\u0131 hizmetleri ve kozmetik alanlar\u0131nda faaliyet g\u00f6steren \u00f6nc\u00fc kurulu\u015flardan biri olan \u00c7etin Grup\u2019un bir i\u015ftirakidir. \u015eirketimiz, 2017\" \/>\n<meta property=\"og:url\" content=\"https:\/\/www.cemobsan.com\/en\/about-us\/\" \/>\n<meta property=\"og:site_name\" content=\"\u00c7emobsan Janus\" \/>\n<meta property=\"article:modified_time\" content=\"2023-03-16T08:13:31+00:00\" \/>\n<meta property=\"og:image\" content=\"https:\/\/www.cemobsan.com\/media\/2022\/12\/3-2.jpg\" \/>\n<meta name=\"twitter:card\" content=\"summary_large_image\" \/>\n<meta name=\"twitter:label1\" content=\"Est. reading time\" \/>\n\t<meta name=\"twitter:data1\" content=\"1 minute\" \/>\n<script type=\"application\/ld+json\" class=\"yoast-schema-graph\">{\"@context\":\"https:\/\/schema.org\",\"@graph\":[{\"@type\":\"WebPage\",\"@id\":\"https:\/\/www.cemobsan.com\/en\/about-us\/\",\"url\":\"https:\/\/www.cemobsan.com\/en\/about-us\/\",\"name\":\"ABOUT US | \u00c7emobsan Janus\",\"isPartOf\":{\"@id\":\"https:\/\/www.cemobsan.com\/en\/#website\"},\"primaryImageOfPage\":{\"@id\":\"https:\/\/www.cemobsan.com\/en\/about-us\/#primaryimage\"},\"image\":{\"@id\":\"https:\/\/www.cemobsan.com\/en\/about-us\/#primaryimage\"},\"thumbnailUrl\":\"https:\/\/www.cemobsan.com\/media\/2022\/12\/3-2.jpg\",\"datePublished\":\"2023-01-10T11:48:43+00:00\",\"dateModified\":\"2023-03-16T08:13:31+00:00\",\"breadcrumb\":{\"@id\":\"https:\/\/www.cemobsan.com\/en\/about-us\/#breadcrumb\"},\"inLanguage\":\"en-US\",\"potentialAction\":[{\"@type\":\"ReadAction\",\"target\":[\"https:\/\/www.cemobsan.com\/en\/about-us\/\"]}]},{\"@type\":\"ImageObject\",\"inLanguage\":\"en-US\",\"@id\":\"https:\/\/www.cemobsan.com\/en\/about-us\/#primaryimage\",\"url\":\"https:\/\/www.cemobsan.com\/media\/2022\/12\/3-2.jpg\",\"contentUrl\":\"https:\/\/www.cemobsan.com\/media\/2022\/12\/3-2.jpg\"},{\"@type\":\"BreadcrumbList\",\"@id\":\"https:\/\/www.cemobsan.com\/en\/about-us\/#breadcrumb\",\"itemListElement\":[{\"@type\":\"ListItem\",\"position\":1,\"name\":\"Ana sayfa\",\"item\":\"https:\/\/www.cemobsan.com\/en\/\"},{\"@type\":\"ListItem\",\"position\":2,\"name\":\"ABOUT US\"}]},{\"@type\":\"WebSite\",\"@id\":\"https:\/\/www.cemobsan.com\/en\/#website\",\"url\":\"https:\/\/www.cemobsan.com\/en\/\",\"name\":\"\u00c7emobsan Janus\",\"description\":\"\u00c7emobsan Metal ve Plastik Tic. A.\u015e.\",\"publisher\":{\"@id\":\"https:\/\/www.cemobsan.com\/en\/#organization\"},\"potentialAction\":[{\"@type\":\"SearchAction\",\"target\":{\"@type\":\"EntryPoint\",\"urlTemplate\":\"https:\/\/www.cemobsan.com\/en\/?s={search_term_string}\"},\"query-input\":{\"@type\":\"PropertyValueSpecification\",\"valueRequired\":true,\"valueName\":\"search_term_string\"}}],\"inLanguage\":\"en-US\"},{\"@type\":\"Organization\",\"@id\":\"https:\/\/www.cemobsan.com\/en\/#organization\",\"name\":\"\u00c7emobsan Metal ve Plastik\",\"url\":\"https:\/\/www.cemobsan.com\/en\/\",\"logo\":{\"@type\":\"ImageObject\",\"inLanguage\":\"en-US\",\"@id\":\"https:\/\/www.cemobsan.com\/en\/#\/schema\/logo\/image\/\",\"url\":\"https:\/\/www.cemobsan.com\/media\/logo-1-retira.png\",\"contentUrl\":\"https:\/\/www.cemobsan.com\/media\/logo-1-retira.png\",\"width\":596,\"height\":192,\"caption\":\"\u00c7emobsan Metal ve Plastik\"},\"image\":{\"@id\":\"https:\/\/www.cemobsan.com\/en\/#\/schema\/logo\/image\/\"}}]}<\/script>\n<!-- \/ Yoast SEO plugin. -->","yoast_head_json":{"title":"ABOUT US | \u00c7emobsan Janus","robots":{"index":"index","follow":"follow","max-snippet":"max-snippet:-1","max-image-preview":"max-image-preview:large","max-video-preview":"max-video-preview:-1"},"canonical":"https:\/\/www.cemobsan.com\/en\/about-us\/","og_locale":"en_US","og_type":"article","og_title":"ABOUT US | \u00c7emobsan Janus","og_description":"ABOUT \u00c7EMOBSAN \u00c7emobsan, \u00f6zel g\u00fcvenlik, temizlik, lojistik ve personel ta\u015f\u0131mac\u0131l\u0131\u011f\u0131 hizmetleri ve kozmetik alanlar\u0131nda faaliyet g\u00f6steren \u00f6nc\u00fc kurulu\u015flardan biri olan \u00c7etin Grup\u2019un bir i\u015ftirakidir. \u015eirketimiz, 2017","og_url":"https:\/\/www.cemobsan.com\/en\/about-us\/","og_site_name":"\u00c7emobsan Janus","article_modified_time":"2023-03-16T08:13:31+00:00","og_image":[{"url":"https:\/\/www.cemobsan.com\/media\/2022\/12\/3-2.jpg","type":"","width":"","height":""}],"twitter_card":"summary_large_image","twitter_misc":{"Est. reading time":"1 minute"},"schema":{"@context":"https:\/\/schema.org","@graph":[{"@type":"WebPage","@id":"https:\/\/www.cemobsan.com\/en\/about-us\/","url":"https:\/\/www.cemobsan.com\/en\/about-us\/","name":"ABOUT US | \u00c7emobsan Janus","isPartOf":{"@id":"https:\/\/www.cemobsan.com\/en\/#website"},"primaryImageOfPage":{"@id":"https:\/\/www.cemobsan.com\/en\/about-us\/#primaryimage"},"image":{"@id":"https:\/\/www.cemobsan.com\/en\/about-us\/#primaryimage"},"thumbnailUrl":"https:\/\/www.cemobsan.com\/media\/2022\/12\/3-2.jpg","datePublished":"2023-01-10T11:48:43+00:00","dateModified":"2023-03-16T08:13:31+00:00","breadcrumb":{"@id":"https:\/\/www.cemobsan.com\/en\/about-us\/#breadcrumb"},"inLanguage":"en-US","potentialAction":[{"@type":"ReadAction","target":["https:\/\/www.cemobsan.com\/en\/about-us\/"]}]},{"@type":"ImageObject","inLanguage":"en-US","@id":"https:\/\/www.cemobsan.com\/en\/about-us\/#primaryimage","url":"https:\/\/www.cemobsan.com\/media\/2022\/12\/3-2.jpg","contentUrl":"https:\/\/www.cemobsan.com\/media\/2022\/12\/3-2.jpg"},{"@type":"BreadcrumbList","@id":"https:\/\/www.cemobsan.com\/en\/about-us\/#breadcrumb","itemListElement":[{"@type":"ListItem","position":1,"name":"Ana sayfa","item":"https:\/\/www.cemobsan.com\/en\/"},{"@type":"ListItem","position":2,"name":"ABOUT US"}]},{"@type":"WebSite","@id":"https:\/\/www.cemobsan.com\/en\/#website","url":"https:\/\/www.cemobsan.com\/en\/","name":"\u00c7emobsan Janus","description":"\u00c7emobsan Metal ve Plastik Tic. A.\u015e.","publisher":{"@id":"https:\/\/www.cemobsan.com\/en\/#organization"},"potentialAction":[{"@type":"SearchAction","target":{"@type":"EntryPoint","urlTemplate":"https:\/\/www.cemobsan.com\/en\/?s={search_term_string}"},"query-input":{"@type":"PropertyValueSpecification","valueRequired":true,"valueName":"search_term_string"}}],"inLanguage":"en-US"},{"@type":"Organization","@id":"https:\/\/www.cemobsan.com\/en\/#organization","name":"\u00c7emobsan Metal ve Plastik","url":"https:\/\/www.cemobsan.com\/en\/","logo":{"@type":"ImageObject","inLanguage":"en-US","@id":"https:\/\/www.cemobsan.com\/en\/#\/schema\/logo\/image\/","url":"https:\/\/www.cemobsan.com\/media\/logo-1-retira.png","contentUrl":"https:\/\/www.cemobsan.com\/media\/logo-1-retira.png","width":596,"height":192,"caption":"\u00c7emobsan Metal ve Plastik"},"image":{"@id":"https:\/\/www.cemobsan.com\/en\/#\/schema\/logo\/image\/"}}]}},"_links":{"self":[{"href":"https:\/\/www.cemobsan.com\/en\/wp-json\/wp\/v2\/pages\/32127","targetHints":{"allow":["GET"]}}],"collection":[{"href":"https:\/\/www.cemobsan.com\/en\/wp-json\/wp\/v2\/pages"}],"about":[{"href":"https:\/\/www.cemobsan.com\/en\/wp-json\/wp\/v2\/types\/page"}],"author":[{"embeddable":true,"href":"https:\/\/www.cemobsan.com\/en\/wp-json\/wp\/v2\/users\/2"}],"replies":[{"embeddable":true,"href":"https:\/\/www.cemobsan.com\/en\/wp-json\/wp\/v2\/comments?post=32127"}],"version-history":[{"count":1,"href":"https:\/\/www.cemobsan.com\/en\/wp-json\/wp\/v2\/pages\/32127\/revisions"}],"predecessor-version":[{"id":32130,"href":"https:\/\/www.cemobsan.com\/en\/wp-json\/wp\/v2\/pages\/32127\/revisions\/32130"}],"wp:attachment":[{"href":"https:\/\/www.cemobsan.com\/en\/wp-json\/wp\/v2\/media?parent=32127"}],"curies":[{"name":"wp","href":"https:\/\/api.w.org\/{rel}","templated":true}]}}