{"id":38177,"date":"2021-04-02T16:23:14","date_gmt":"2021-04-02T13:23:14","guid":{"rendered":"https:\/\/www.cemobsan.com\/contact\/"},"modified":"2025-04-10T13:40:35","modified_gmt":"2025-04-10T10:40:35","slug":"contact","status":"publish","type":"page","link":"https:\/\/www.cemobsan.com\/en\/contact\/","title":{"rendered":"CONTACT"},"content":{"rendered":"<div class=\"wpb-content-wrapper\"><p>[vc_row][vc_column]<div data-id=\"mpc_divider-3369fb640a80a4f\" class=\"mpc-divider-wrap\"><div class=\"mpc-divider mpc-init mpc-align--center mpc-disable--left \" ><div class=\"mpc-divider__line mpc-side--left\"><span><\/span><span><\/span><\/div><div class=\"mpc-divider__line mpc-side--right\"><span><\/span><span><\/span><\/div><\/div><\/div><div class=\"fancy_heading fancy_heading_arrows\"><div class=\"fh-top\"><\/div><h1 class=\"title \"><i class=\"icon-right-dir\"><\/i>CONTACT<i class=\"icon-left-dir\"><\/i><\/h1><div class=\"inside\">You can contact our sales representatives for all your requests and questions.<\/div><\/div>\n[\/vc_column][\/vc_row][vc_row][vc_column width=&#8221;1\/2&#8243;]<div data-id=\"mpc_image-2469fb640a813c5\" onclick=\"\" class=\"mpc-image mpc-init \" ><div class=\"mpc-item mpc-transition\"><img fetchpriority=\"high\" decoding=\"async\" class=\"mpc-transition \" src=\"https:\/\/www.cemobsan.com\/media\/2021\/04\/turkiye.png\" width=\"500\" height=\"500\" alt=\"t\u00fcrkiye\" title=\"t\u00fcrkiye\" \/><\/div><\/div>[vc_separator color=&#8221;turquoise&#8221; border_width=&#8221;2&#8243; el_width=&#8221;50&#8243;][vc_column_text css=&#8221;&#8221;]<\/p>\n<p style=\"text-align: center;\"><strong style=\"font-size: 17px;\">TURKEY<\/strong><br \/>\nCemobsan Turkey<br \/>\nE-Mail: <a href=\"mailto:info@cemobsan.com.tr\">info@cemobsan.com.tr<\/a><\/p>\n<p>[\/vc_column_text][\/vc_column][vc_column width=&#8221;1\/2&#8243;]<div data-id=\"mpc_image-9669fb640a81afd\" onclick=\"\" class=\"mpc-image mpc-init \" ><div class=\"mpc-item mpc-transition\"><img decoding=\"async\" class=\"mpc-transition \" src=\"https:\/\/www.cemobsan.com\/media\/2022\/05\/worldwide_rmc.png\" width=\"500\" height=\"500\" alt=\"worldwide_rmc\" title=\"worldwide_rmc\" \/><\/div><\/div>[vc_separator color=&#8221;turquoise&#8221; border_width=&#8221;2&#8243; el_width=&#8221;50&#8243;][vc_column_text css=&#8221;&#8221;]<\/p>\n<p style=\"text-align: center;\"><strong style=\"font-size: 17px;\">WORLDWIDE<\/strong><br \/>\nJanus Worldwide<br \/>\nE-Mail: <a href=\"mailto:export@cemobsan.com.tr\">export@cemobsan.com.tr<\/a>[\/vc_column_text][\/vc_column][\/vc_row][vc_row][vc_column][vc_separator color=&#8221;white&#8221;][\/vc_column][\/vc_row][vc_row][vc_column width=&#8221;1\/2&#8243;]\n<div class=\"wpcf7 no-js\" id=\"wpcf7-f9672-o1\" lang=\"tr-TR\" dir=\"ltr\" data-wpcf7-id=\"9672\">\n<div class=\"screen-reader-response\"><p role=\"status\" aria-live=\"polite\" aria-atomic=\"true\"><\/p> <ul><\/ul><\/div>\n<form action=\"\/en\/wp-json\/wp\/v2\/pages\/38177#wpcf7-f9672-o1\" method=\"post\" class=\"wpcf7-form init\" aria-label=\"\u0130leti\u015fim Formu\" novalidate=\"novalidate\" data-status=\"init\">\n<fieldset class=\"hidden-fields-container\"><input type=\"hidden\" name=\"_wpcf7\" value=\"9672\" \/><input type=\"hidden\" name=\"_wpcf7_version\" value=\"6.1.4\" \/><input type=\"hidden\" name=\"_wpcf7_locale\" value=\"tr_TR\" \/><input type=\"hidden\" name=\"_wpcf7_unit_tag\" value=\"wpcf7-f9672-o1\" \/><input type=\"hidden\" name=\"_wpcf7_container_post\" value=\"0\" \/><input type=\"hidden\" name=\"_wpcf7_posted_data_hash\" value=\"\" \/><input type=\"hidden\" name=\"_wpcf7dtx_version\" value=\"5.0.3\" \/>\n<\/fieldset>\n<div class=\"column one-second\">\n\t<p><span class=\"wpcf7-form-control-wrap\" data-name=\"your-name\"><input size=\"40\" maxlength=\"400\" class=\"wpcf7-form-control wpcf7-text wpcf7-validates-as-required\" aria-required=\"true\" aria-invalid=\"false\" placeholder=\"\u0130sim*\" value=\"\" type=\"text\" name=\"your-name\" \/><\/span>\n\t<\/p>\n<\/div>\n<div class=\"column one-second\">\n\t<p><span class=\"wpcf7-form-control-wrap\" data-name=\"your-surname\"><input size=\"40\" maxlength=\"400\" class=\"wpcf7-form-control wpcf7-text wpcf7-validates-as-required\" aria-required=\"true\" aria-invalid=\"false\" placeholder=\"Soyisim*\" value=\"\" type=\"text\" name=\"your-surname\" \/><\/span>\n\t<\/p>\n<\/div>\n<div class=\"column one-second\">\n\t<p><span class=\"wpcf7-form-control-wrap\" data-name=\"your-email\"><input size=\"40\" maxlength=\"400\" class=\"wpcf7-form-control wpcf7-email wpcf7-validates-as-required wpcf7-text wpcf7-validates-as-email\" aria-required=\"true\" aria-invalid=\"false\" placeholder=\"Mail*\" value=\"\" type=\"email\" name=\"your-email\" \/><\/span>\n\t<\/p>\n<\/div>\n<div class=\"column one-second\">\n\t<p><span class=\"wpcf7-form-control-wrap\" data-name=\"Phone\"><input size=\"40\" maxlength=\"400\" class=\"wpcf7-form-control wpcf7-tel wpcf7-text wpcf7-validates-as-tel\" aria-invalid=\"false\" placeholder=\"Telefon Numaras\u0131\" value=\"\" type=\"tel\" name=\"Phone\" \/><\/span>\n\t<\/p>\n<\/div>\n<div class=\"column one\">\n\t<p><span class=\"wpcf7-form-control-wrap\" data-name=\"your-subject\"><input size=\"40\" maxlength=\"400\" class=\"wpcf7-form-control wpcf7-text wpcf7-validates-as-required\" aria-required=\"true\" aria-invalid=\"false\" placeholder=\"Konu*\" value=\"\" type=\"text\" name=\"your-subject\" \/><\/span>\n\t<\/p>\n<\/div>\n<div class=\"column one\">\n\t<p><span class=\"wpcf7-form-control-wrap\" data-name=\"your-message\"><textarea cols=\"40\" rows=\"3\" maxlength=\"2000\" class=\"wpcf7-form-control wpcf7-textarea wpcf7-validates-as-required\" aria-required=\"true\" aria-invalid=\"false\" placeholder=\"Mesaj\u0131n\u0131z*\" name=\"your-message\"><\/textarea><\/span>\n\t<\/p>\n<\/div>\n<div class=\"column one\">\n\t<p><input class=\"wpcf7-form-control wpcf7-submit has-spinner\" type=\"submit\" value=\"G\u00f6nder\" \/>\n\t<\/p>\n<\/div><div class=\"wpcf7-response-output\" aria-hidden=\"true\"><\/div>\n<\/form>\n<\/div>\n[\/vc_column][vc_column width=&#8221;1\/2&#8243;][vc_column_text]<\/p>\n<h2>CONTACT FORM<\/h2>\n<hr class=\"no_line\">\n<p class=\"big\">We believe that the most important part of our job is to provide a good service experience and we embrace the fact that this can only be achieved through open communication and full support. We are happy to help you find the best solution for your needs and requirements. You can contact us at any time.<\/p>\n<p>[\/vc_column_text][\/vc_column][\/vc_row][vc_row][vc_column][vc_separator color=&#8221;white&#8221;][\/vc_column][\/vc_row][vc_row full_width=&#8221;stretch_row_content&#8221;][vc_column][vc_gmaps link=&#8221;#E-8_JTNDaWZyYW1lJTIwc3JjJTNEJTIyaHR0cHMlM0ElMkYlMkZ3d3cuZ29vZ2xlLmNvbSUyRm1hcHMlMkZlbWJlZCUzRnBiJTNEJTIxMW0xOCUyMTFtMTIlMjExbTMlMjExZDI5OTcuMzc5ODE3NzY5Mzg4NCUyMTJkMjcuOTg3NzgzNDE2MDA3OTglMjEzZDQxLjMwMDYwMDIwOTMzMjY5JTIxMm0zJTIxMWYwJTIxMmYwJTIxM2YwJTIxM20yJTIxMWkxMDI0JTIxMmk3NjglMjE0ZjEzLjElMjEzbTMlMjExbTIlMjExczB4MTRiNTI4OWU5ODE1ODA5ZCUyNTNBMHgxMzFhNzY5ODg3YmMwNjkwJTIxMnMlMjVDMyUyNTg3ZW1vYnNhbiUyNTIwTWV0YWwlMjUyMHZlJTI1MjBQbGFzdGlrJTI1MjBTYW4uJTI1MjBUaWMuJTI1MjBMdGQuJTI1MjAlMjVDNSUyNTlFdGkuJTIxNWUwJTIxM20yJTIxMXN0ciUyMTJzdHIlMjE0djE2MDIwNzE2NDEzMzklMjE1bTIlMjExc3RyJTIxMnN0ciUyMiUyMHdpZHRoJTNEJTIyNjAwJTIyJTIwaGVpZ2h0JTNEJTIyNDUwJTIyJTIwZnJhbWVib3JkZXIlM0QlMjIwJTIyJTIwc3R5bGUlM0QlMjJib3JkZXIlM0EwJTNCJTIyJTIwYWxsb3dmdWxsc2NyZWVuJTNEJTIyJTIyJTIwYXJpYS1oaWRkZW4lM0QlMjJmYWxzZSUyMiUyMHRhYmluZGV4JTNEJTIyMCUyMiUzRSUzQyUyRmlmcmFtZSUzRQ==&#8221;][\/vc_column][\/vc_row]<\/p>\n<\/div>","protected":false},"excerpt":{"rendered":"<p>[vc_row][vc_column][\/vc_column][\/vc_row][vc_row][vc_column width=&#8221;1\/2&#8243;][vc_separator color=&#8221;turquoise&#8221; border_width=&#8221;2&#8243; el_width=&#8221;50&#8243;][vc_column_text css=&#8221;&#8221;] TURKEY Cemobsan Turkey E-Mail: info@cemobsan.com.tr [\/vc_column_text][\/vc_column][vc_column width=&#8221;1\/2&#8243;][vc_separator color=&#8221;turquoise&#8221; border_width=&#8221;2&#8243; el_width=&#8221;50&#8243;][vc_column_text css=&#8221;&#8221;] WORLDWIDE Janus Worldwide E-Mail: export@cemobsan.com.tr[\/vc_column_text][\/vc_column][\/vc_row][vc_row][vc_column][vc_separator color=&#8221;white&#8221;][\/vc_column][\/vc_row][vc_row][vc_column width=&#8221;1\/2&#8243;][\/vc_column][vc_column width=&#8221;1\/2&#8243;][vc_column_text] CONTACT<\/p>\n","protected":false},"author":2,"featured_media":0,"parent":0,"menu_order":0,"comment_status":"open","ping_status":"closed","template":"","meta":{"footnotes":""},"class_list":["post-38177","page","type-page","status-publish","hentry"],"yoast_head":"<!-- This site is optimized with the Yoast SEO plugin v26.5 - https:\/\/yoast.com\/wordpress\/plugins\/seo\/ -->\n<title>Contact | \u00c7emobsan Janus<\/title>\n<meta name=\"description\" content=\"You can contact us to get detailed information about \u00c7emobsan products and to place an order.\" \/>\n<meta name=\"robots\" content=\"index, follow, max-snippet:-1, max-image-preview:large, max-video-preview:-1\" \/>\n<link rel=\"canonical\" href=\"https:\/\/www.cemobsan.com\/en\/contact\/\" \/>\n<meta property=\"og:locale\" content=\"en_US\" \/>\n<meta property=\"og:type\" content=\"article\" \/>\n<meta property=\"og:title\" content=\"Contact | \u00c7emobsan Janus\" \/>\n<meta property=\"og:description\" content=\"You can contact us to get detailed information about \u00c7emobsan products and to place an order.\" \/>\n<meta property=\"og:url\" content=\"https:\/\/www.cemobsan.com\/en\/contact\/\" \/>\n<meta property=\"og:site_name\" content=\"\u00c7emobsan Janus\" \/>\n<meta property=\"article:modified_time\" content=\"2025-04-10T10:40:35+00:00\" \/>\n<meta name=\"twitter:card\" content=\"summary_large_image\" \/>\n<meta name=\"twitter:label1\" content=\"Est. reading time\" \/>\n\t<meta name=\"twitter:data1\" content=\"2 minutes\" \/>\n<script type=\"application\/ld+json\" class=\"yoast-schema-graph\">{\"@context\":\"https:\/\/schema.org\",\"@graph\":[{\"@type\":\"WebPage\",\"@id\":\"https:\/\/www.cemobsan.com\/en\/contact\/\",\"url\":\"https:\/\/www.cemobsan.com\/en\/contact\/\",\"name\":\"Contact | \u00c7emobsan Janus\",\"isPartOf\":{\"@id\":\"https:\/\/www.cemobsan.com\/en\/#website\"},\"datePublished\":\"2021-04-02T13:23:14+00:00\",\"dateModified\":\"2025-04-10T10:40:35+00:00\",\"description\":\"You can contact us to get detailed information about \u00c7emobsan products and to place an order.\",\"breadcrumb\":{\"@id\":\"https:\/\/www.cemobsan.com\/en\/contact\/#breadcrumb\"},\"inLanguage\":\"en-US\",\"potentialAction\":[{\"@type\":\"ReadAction\",\"target\":[\"https:\/\/www.cemobsan.com\/en\/contact\/\"]}]},{\"@type\":\"BreadcrumbList\",\"@id\":\"https:\/\/www.cemobsan.com\/en\/contact\/#breadcrumb\",\"itemListElement\":[{\"@type\":\"ListItem\",\"position\":1,\"name\":\"Ana sayfa\",\"item\":\"https:\/\/www.cemobsan.com\/en\/\"},{\"@type\":\"ListItem\",\"position\":2,\"name\":\"CONTACT\"}]},{\"@type\":\"WebSite\",\"@id\":\"https:\/\/www.cemobsan.com\/en\/#website\",\"url\":\"https:\/\/www.cemobsan.com\/en\/\",\"name\":\"\u00c7emobsan Janus\",\"description\":\"\u00c7emobsan Metal ve Plastik Tic. A.\u015e.\",\"publisher\":{\"@id\":\"https:\/\/www.cemobsan.com\/en\/#organization\"},\"potentialAction\":[{\"@type\":\"SearchAction\",\"target\":{\"@type\":\"EntryPoint\",\"urlTemplate\":\"https:\/\/www.cemobsan.com\/en\/?s={search_term_string}\"},\"query-input\":{\"@type\":\"PropertyValueSpecification\",\"valueRequired\":true,\"valueName\":\"search_term_string\"}}],\"inLanguage\":\"en-US\"},{\"@type\":\"Organization\",\"@id\":\"https:\/\/www.cemobsan.com\/en\/#organization\",\"name\":\"\u00c7emobsan Metal ve Plastik\",\"url\":\"https:\/\/www.cemobsan.com\/en\/\",\"logo\":{\"@type\":\"ImageObject\",\"inLanguage\":\"en-US\",\"@id\":\"https:\/\/www.cemobsan.com\/en\/#\/schema\/logo\/image\/\",\"url\":\"https:\/\/www.cemobsan.com\/media\/logo-1-retira.png\",\"contentUrl\":\"https:\/\/www.cemobsan.com\/media\/logo-1-retira.png\",\"width\":596,\"height\":192,\"caption\":\"\u00c7emobsan Metal ve Plastik\"},\"image\":{\"@id\":\"https:\/\/www.cemobsan.com\/en\/#\/schema\/logo\/image\/\"}}]}<\/script>\n<!-- \/ Yoast SEO plugin. -->","yoast_head_json":{"title":"Contact | \u00c7emobsan Janus","description":"You can contact us to get detailed information about \u00c7emobsan products and to place an order.","robots":{"index":"index","follow":"follow","max-snippet":"max-snippet:-1","max-image-preview":"max-image-preview:large","max-video-preview":"max-video-preview:-1"},"canonical":"https:\/\/www.cemobsan.com\/en\/contact\/","og_locale":"en_US","og_type":"article","og_title":"Contact | \u00c7emobsan Janus","og_description":"You can contact us to get detailed information about \u00c7emobsan products and to place an order.","og_url":"https:\/\/www.cemobsan.com\/en\/contact\/","og_site_name":"\u00c7emobsan Janus","article_modified_time":"2025-04-10T10:40:35+00:00","twitter_card":"summary_large_image","twitter_misc":{"Est. reading time":"2 minutes"},"schema":{"@context":"https:\/\/schema.org","@graph":[{"@type":"WebPage","@id":"https:\/\/www.cemobsan.com\/en\/contact\/","url":"https:\/\/www.cemobsan.com\/en\/contact\/","name":"Contact | \u00c7emobsan Janus","isPartOf":{"@id":"https:\/\/www.cemobsan.com\/en\/#website"},"datePublished":"2021-04-02T13:23:14+00:00","dateModified":"2025-04-10T10:40:35+00:00","description":"You can contact us to get detailed information about \u00c7emobsan products and to place an order.","breadcrumb":{"@id":"https:\/\/www.cemobsan.com\/en\/contact\/#breadcrumb"},"inLanguage":"en-US","potentialAction":[{"@type":"ReadAction","target":["https:\/\/www.cemobsan.com\/en\/contact\/"]}]},{"@type":"BreadcrumbList","@id":"https:\/\/www.cemobsan.com\/en\/contact\/#breadcrumb","itemListElement":[{"@type":"ListItem","position":1,"name":"Ana sayfa","item":"https:\/\/www.cemobsan.com\/en\/"},{"@type":"ListItem","position":2,"name":"CONTACT"}]},{"@type":"WebSite","@id":"https:\/\/www.cemobsan.com\/en\/#website","url":"https:\/\/www.cemobsan.com\/en\/","name":"\u00c7emobsan Janus","description":"\u00c7emobsan Metal ve Plastik Tic. A.\u015e.","publisher":{"@id":"https:\/\/www.cemobsan.com\/en\/#organization"},"potentialAction":[{"@type":"SearchAction","target":{"@type":"EntryPoint","urlTemplate":"https:\/\/www.cemobsan.com\/en\/?s={search_term_string}"},"query-input":{"@type":"PropertyValueSpecification","valueRequired":true,"valueName":"search_term_string"}}],"inLanguage":"en-US"},{"@type":"Organization","@id":"https:\/\/www.cemobsan.com\/en\/#organization","name":"\u00c7emobsan Metal ve Plastik","url":"https:\/\/www.cemobsan.com\/en\/","logo":{"@type":"ImageObject","inLanguage":"en-US","@id":"https:\/\/www.cemobsan.com\/en\/#\/schema\/logo\/image\/","url":"https:\/\/www.cemobsan.com\/media\/logo-1-retira.png","contentUrl":"https:\/\/www.cemobsan.com\/media\/logo-1-retira.png","width":596,"height":192,"caption":"\u00c7emobsan Metal ve Plastik"},"image":{"@id":"https:\/\/www.cemobsan.com\/en\/#\/schema\/logo\/image\/"}}]}},"_links":{"self":[{"href":"https:\/\/www.cemobsan.com\/en\/wp-json\/wp\/v2\/pages\/38177","targetHints":{"allow":["GET"]}}],"collection":[{"href":"https:\/\/www.cemobsan.com\/en\/wp-json\/wp\/v2\/pages"}],"about":[{"href":"https:\/\/www.cemobsan.com\/en\/wp-json\/wp\/v2\/types\/page"}],"author":[{"embeddable":true,"href":"https:\/\/www.cemobsan.com\/en\/wp-json\/wp\/v2\/users\/2"}],"replies":[{"embeddable":true,"href":"https:\/\/www.cemobsan.com\/en\/wp-json\/wp\/v2\/comments?post=38177"}],"version-history":[{"count":9,"href":"https:\/\/www.cemobsan.com\/en\/wp-json\/wp\/v2\/pages\/38177\/revisions"}],"predecessor-version":[{"id":39902,"href":"https:\/\/www.cemobsan.com\/en\/wp-json\/wp\/v2\/pages\/38177\/revisions\/39902"}],"wp:attachment":[{"href":"https:\/\/www.cemobsan.com\/en\/wp-json\/wp\/v2\/media?parent=38177"}],"curies":[{"name":"wp","href":"https:\/\/api.w.org\/{rel}","templated":true}]}}