{"id":38189,"date":"2023-01-06T14:38:38","date_gmt":"2023-01-06T11:38:38","guid":{"rendered":"https:\/\/www.cemobsan.com\/sliding-systems\/top-running-sliding-systems\/"},"modified":"2023-03-16T12:14:11","modified_gmt":"2023-03-16T09:14:11","slug":"top-running-sliding-systems","status":"publish","type":"page","link":"https:\/\/www.cemobsan.com\/en\/sliding-systems\/top-running-sliding-systems\/","title":{"rendered":"TOP RUNNING SLIDING SYSTEMS"},"content":{"rendered":"<div class=\"wpb-content-wrapper\"><p>[vc_row][vc_column css=&#8221;.vc_custom_1586964712617{padding-top: 60px !important;}&#8221;]<div class=\"fancy_heading fancy_heading_line\"><div class=\"fh-top\"><\/div><h2 class=\"title\">TOP RUNNING SLIDING SYSTEMS<\/h2><\/div>\n[\/vc_column][\/vc_row][vc_row][vc_column][vc_basic_grid post_type=&#8221;portfolio&#8221; max_items=&#8221;1000&#8243; gap=&#8221;20&#8243; orderby=&#8221;title&#8221; order=&#8221;ASC&#8221; item=&#8221;16106&#8243; grid_id=&#8221;vc_gid:1673354444025-da4adfa4811429802ea55b6fbe90703d-9&#8243; taxonomies=&#8221;32&#8243;][\/vc_column][\/vc_row]<\/p>\n<\/div>","protected":false},"excerpt":{"rendered":"<p>[vc_row][vc_column css=&#8221;.vc_custom_1586964712617{padding-top: 60px !important;}&#8221;][\/vc_column][\/vc_row][vc_row][vc_column][vc_basic_grid post_type=&#8221;portfolio&#8221; max_items=&#8221;1000&#8243; gap=&#8221;20&#8243; orderby=&#8221;title&#8221; order=&#8221;ASC&#8221; item=&#8221;16106&#8243; grid_id=&#8221;vc_gid:1673354444025-da4adfa4811429802ea55b6fbe90703d-9&#8243; taxonomies=&#8221;32&#8243;][\/vc_column][\/vc_row]<\/p>\n","protected":false},"author":2,"featured_media":0,"parent":38180,"menu_order":1,"comment_status":"closed","ping_status":"closed","template":"","meta":{"footnotes":""},"class_list":["post-38189","page","type-page","status-publish","hentry"],"yoast_head":"<!-- This site is optimized with the Yoast SEO plugin v26.5 - https:\/\/yoast.com\/wordpress\/plugins\/seo\/ -->\n<title>TOP RUNNING SLIDING SYSTEMS | \u00c7emobsan Janus<\/title>\n<meta name=\"robots\" content=\"index, follow, max-snippet:-1, max-image-preview:large, max-video-preview:-1\" \/>\n<link rel=\"canonical\" href=\"https:\/\/www.cemobsan.com\/en\/sliding-systems\/top-running-sliding-systems\/\" \/>\n<meta property=\"og:locale\" content=\"en_US\" \/>\n<meta property=\"og:type\" content=\"article\" \/>\n<meta property=\"og:title\" content=\"TOP RUNNING SLIDING SYSTEMS | \u00c7emobsan Janus\" \/>\n<meta property=\"og:description\" content=\"[vc_row][vc_column css=&#8221;.vc_custom_1586964712617{padding-top: 60px !important;}&#8221;][\/vc_column][\/vc_row][vc_row][vc_column][vc_basic_grid post_type=&#8221;portfolio&#8221; max_items=&#8221;1000&#8243; gap=&#8221;20&#8243; orderby=&#8221;title&#8221; order=&#8221;ASC&#8221; item=&#8221;16106&#8243; grid_id=&#8221;vc_gid:1673354444025-da4adfa4811429802ea55b6fbe90703d-9&#8243; taxonomies=&#8221;32&#8243;][\/vc_column][\/vc_row]\" \/>\n<meta property=\"og:url\" content=\"https:\/\/www.cemobsan.com\/en\/sliding-systems\/top-running-sliding-systems\/\" \/>\n<meta property=\"og:site_name\" content=\"\u00c7emobsan Janus\" \/>\n<meta property=\"article:modified_time\" content=\"2023-03-16T09:14:11+00:00\" \/>\n<meta name=\"twitter:card\" content=\"summary_large_image\" \/>\n<script type=\"application\/ld+json\" class=\"yoast-schema-graph\">{\"@context\":\"https:\/\/schema.org\",\"@graph\":[{\"@type\":\"WebPage\",\"@id\":\"https:\/\/www.cemobsan.com\/en\/sliding-systems\/top-running-sliding-systems\/\",\"url\":\"https:\/\/www.cemobsan.com\/en\/sliding-systems\/top-running-sliding-systems\/\",\"name\":\"TOP RUNNING SLIDING SYSTEMS | \u00c7emobsan Janus\",\"isPartOf\":{\"@id\":\"https:\/\/www.cemobsan.com\/en\/#website\"},\"datePublished\":\"2023-01-06T11:38:38+00:00\",\"dateModified\":\"2023-03-16T09:14:11+00:00\",\"breadcrumb\":{\"@id\":\"https:\/\/www.cemobsan.com\/en\/sliding-systems\/top-running-sliding-systems\/#breadcrumb\"},\"inLanguage\":\"en-US\",\"potentialAction\":[{\"@type\":\"ReadAction\",\"target\":[\"https:\/\/www.cemobsan.com\/en\/sliding-systems\/top-running-sliding-systems\/\"]}]},{\"@type\":\"BreadcrumbList\",\"@id\":\"https:\/\/www.cemobsan.com\/en\/sliding-systems\/top-running-sliding-systems\/#breadcrumb\",\"itemListElement\":[{\"@type\":\"ListItem\",\"position\":1,\"name\":\"Ana sayfa\",\"item\":\"https:\/\/www.cemobsan.com\/en\/\"},{\"@type\":\"ListItem\",\"position\":2,\"name\":\"SLIDING SYSTEMS\",\"item\":\"https:\/\/www.cemobsan.com\/en\/sliding-systems\/\"},{\"@type\":\"ListItem\",\"position\":3,\"name\":\"TOP RUNNING SLIDING SYSTEMS\"}]},{\"@type\":\"WebSite\",\"@id\":\"https:\/\/www.cemobsan.com\/en\/#website\",\"url\":\"https:\/\/www.cemobsan.com\/en\/\",\"name\":\"\u00c7emobsan Janus\",\"description\":\"\u00c7emobsan Metal ve Plastik Tic. A.\u015e.\",\"publisher\":{\"@id\":\"https:\/\/www.cemobsan.com\/en\/#organization\"},\"potentialAction\":[{\"@type\":\"SearchAction\",\"target\":{\"@type\":\"EntryPoint\",\"urlTemplate\":\"https:\/\/www.cemobsan.com\/en\/?s={search_term_string}\"},\"query-input\":{\"@type\":\"PropertyValueSpecification\",\"valueRequired\":true,\"valueName\":\"search_term_string\"}}],\"inLanguage\":\"en-US\"},{\"@type\":\"Organization\",\"@id\":\"https:\/\/www.cemobsan.com\/en\/#organization\",\"name\":\"\u00c7emobsan Metal ve Plastik\",\"url\":\"https:\/\/www.cemobsan.com\/en\/\",\"logo\":{\"@type\":\"ImageObject\",\"inLanguage\":\"en-US\",\"@id\":\"https:\/\/www.cemobsan.com\/en\/#\/schema\/logo\/image\/\",\"url\":\"https:\/\/www.cemobsan.com\/media\/logo-1-retira.png\",\"contentUrl\":\"https:\/\/www.cemobsan.com\/media\/logo-1-retira.png\",\"width\":596,\"height\":192,\"caption\":\"\u00c7emobsan Metal ve Plastik\"},\"image\":{\"@id\":\"https:\/\/www.cemobsan.com\/en\/#\/schema\/logo\/image\/\"}}]}<\/script>\n<!-- \/ Yoast SEO plugin. -->","yoast_head_json":{"title":"TOP RUNNING SLIDING SYSTEMS | \u00c7emobsan Janus","robots":{"index":"index","follow":"follow","max-snippet":"max-snippet:-1","max-image-preview":"max-image-preview:large","max-video-preview":"max-video-preview:-1"},"canonical":"https:\/\/www.cemobsan.com\/en\/sliding-systems\/top-running-sliding-systems\/","og_locale":"en_US","og_type":"article","og_title":"TOP RUNNING SLIDING SYSTEMS | \u00c7emobsan Janus","og_description":"[vc_row][vc_column css=&#8221;.vc_custom_1586964712617{padding-top: 60px !important;}&#8221;][\/vc_column][\/vc_row][vc_row][vc_column][vc_basic_grid post_type=&#8221;portfolio&#8221; max_items=&#8221;1000&#8243; gap=&#8221;20&#8243; orderby=&#8221;title&#8221; order=&#8221;ASC&#8221; item=&#8221;16106&#8243; grid_id=&#8221;vc_gid:1673354444025-da4adfa4811429802ea55b6fbe90703d-9&#8243; taxonomies=&#8221;32&#8243;][\/vc_column][\/vc_row]","og_url":"https:\/\/www.cemobsan.com\/en\/sliding-systems\/top-running-sliding-systems\/","og_site_name":"\u00c7emobsan Janus","article_modified_time":"2023-03-16T09:14:11+00:00","twitter_card":"summary_large_image","schema":{"@context":"https:\/\/schema.org","@graph":[{"@type":"WebPage","@id":"https:\/\/www.cemobsan.com\/en\/sliding-systems\/top-running-sliding-systems\/","url":"https:\/\/www.cemobsan.com\/en\/sliding-systems\/top-running-sliding-systems\/","name":"TOP RUNNING SLIDING SYSTEMS | \u00c7emobsan Janus","isPartOf":{"@id":"https:\/\/www.cemobsan.com\/en\/#website"},"datePublished":"2023-01-06T11:38:38+00:00","dateModified":"2023-03-16T09:14:11+00:00","breadcrumb":{"@id":"https:\/\/www.cemobsan.com\/en\/sliding-systems\/top-running-sliding-systems\/#breadcrumb"},"inLanguage":"en-US","potentialAction":[{"@type":"ReadAction","target":["https:\/\/www.cemobsan.com\/en\/sliding-systems\/top-running-sliding-systems\/"]}]},{"@type":"BreadcrumbList","@id":"https:\/\/www.cemobsan.com\/en\/sliding-systems\/top-running-sliding-systems\/#breadcrumb","itemListElement":[{"@type":"ListItem","position":1,"name":"Ana sayfa","item":"https:\/\/www.cemobsan.com\/en\/"},{"@type":"ListItem","position":2,"name":"SLIDING SYSTEMS","item":"https:\/\/www.cemobsan.com\/en\/sliding-systems\/"},{"@type":"ListItem","position":3,"name":"TOP RUNNING SLIDING SYSTEMS"}]},{"@type":"WebSite","@id":"https:\/\/www.cemobsan.com\/en\/#website","url":"https:\/\/www.cemobsan.com\/en\/","name":"\u00c7emobsan Janus","description":"\u00c7emobsan Metal ve Plastik Tic. A.\u015e.","publisher":{"@id":"https:\/\/www.cemobsan.com\/en\/#organization"},"potentialAction":[{"@type":"SearchAction","target":{"@type":"EntryPoint","urlTemplate":"https:\/\/www.cemobsan.com\/en\/?s={search_term_string}"},"query-input":{"@type":"PropertyValueSpecification","valueRequired":true,"valueName":"search_term_string"}}],"inLanguage":"en-US"},{"@type":"Organization","@id":"https:\/\/www.cemobsan.com\/en\/#organization","name":"\u00c7emobsan Metal ve Plastik","url":"https:\/\/www.cemobsan.com\/en\/","logo":{"@type":"ImageObject","inLanguage":"en-US","@id":"https:\/\/www.cemobsan.com\/en\/#\/schema\/logo\/image\/","url":"https:\/\/www.cemobsan.com\/media\/logo-1-retira.png","contentUrl":"https:\/\/www.cemobsan.com\/media\/logo-1-retira.png","width":596,"height":192,"caption":"\u00c7emobsan Metal ve Plastik"},"image":{"@id":"https:\/\/www.cemobsan.com\/en\/#\/schema\/logo\/image\/"}}]}},"_links":{"self":[{"href":"https:\/\/www.cemobsan.com\/en\/wp-json\/wp\/v2\/pages\/38189","targetHints":{"allow":["GET"]}}],"collection":[{"href":"https:\/\/www.cemobsan.com\/en\/wp-json\/wp\/v2\/pages"}],"about":[{"href":"https:\/\/www.cemobsan.com\/en\/wp-json\/wp\/v2\/types\/page"}],"author":[{"embeddable":true,"href":"https:\/\/www.cemobsan.com\/en\/wp-json\/wp\/v2\/users\/2"}],"replies":[{"embeddable":true,"href":"https:\/\/www.cemobsan.com\/en\/wp-json\/wp\/v2\/comments?post=38189"}],"version-history":[{"count":1,"href":"https:\/\/www.cemobsan.com\/en\/wp-json\/wp\/v2\/pages\/38189\/revisions"}],"predecessor-version":[{"id":38192,"href":"https:\/\/www.cemobsan.com\/en\/wp-json\/wp\/v2\/pages\/38189\/revisions\/38192"}],"up":[{"embeddable":true,"href":"https:\/\/www.cemobsan.com\/en\/wp-json\/wp\/v2\/pages\/38180"}],"wp:attachment":[{"href":"https:\/\/www.cemobsan.com\/en\/wp-json\/wp\/v2\/media?parent=38189"}],"curies":[{"name":"wp","href":"https:\/\/api.w.org\/{rel}","templated":true}]}}